{"id":1708,"date":"2020-10-11T14:14:04","date_gmt":"2020-10-11T14:14:04","guid":{"rendered":"http:\/\/lacasadelfeltre.es\/?post_type=product&#038;p=1708"},"modified":"2026-04-15T11:42:12","modified_gmt":"2026-04-15T11:42:12","slug":"fieltro-artesania","status":"publish","type":"product","link":"https:\/\/lacasadelfeltre.es\/index.php\/producto\/fieltro-artesania\/","title":{"rendered":"Fieltro Artesania 40% lana &#8211; 60% viscosa"},"content":{"rendered":"<p>Los fieltros para artesan\u00eda est\u00e1n compuestos por un 40% de lana y un 60% de viscosa. Este tipo de fieltro tiene 1mm de espesor y un ancho de 180cm.<\/p>\n<p>El fieltro para artesan\u00eda se suele usar para decoraci\u00f3n, hogar, trabajos manuales, dise\u00f1o, disfraces entre otras cosas.<\/p>\n","protected":false},"excerpt":{"rendered":"<p>Los fieltros para artesan\u00eda est\u00e1n compuestos por un 40% de lana y un 60% de viscosa. Este tipo de fieltro tiene 1mm de espesor y un ancho de 180cm. El fieltro para artesan\u00eda se suele usar para decoraci\u00f3n,&#8230;<\/p>\n","protected":false},"featured_media":1776,"template":"","meta":[],"etheme_brands":[],"product_brand":[],"product_cat":[65],"product_tag":[],"class_list":{"0":"post-1708","1":"product","2":"type-product","3":"status-publish","4":"has-post-thumbnail","6":"product_cat-fieltros-de-colores","7":"pa_color-artesania-104","8":"pa_color-artesania-105","9":"pa_color-artesania-106","10":"pa_color-artesania-107","11":"pa_color-artesania-109","12":"pa_color-artesania-110","13":"pa_color-artesania-111","14":"pa_color-artesania-112","15":"pa_color-artesania-113","16":"pa_color-artesania-114","17":"pa_color-artesania-116","18":"pa_color-artesania-118","19":"pa_color-artesania-120","20":"pa_color-artesania-121","21":"pa_color-artesania-122","22":"pa_color-artesania-123","23":"pa_color-artesania-124","24":"pa_color-artesania-126","25":"pa_color-artesania-127","26":"pa_color-artesania-129","27":"pa_color-artesania-130","28":"pa_color-artesania-131","29":"pa_color-artesania-132","30":"pa_color-artesania-133","31":"pa_color-artesania-134","32":"pa_color-artesania-135","33":"pa_color-artesania-136","34":"pa_color-artesania-137","35":"pa_color-artesania-140","37":"first","38":"instock","39":"shipping-taxable","40":"purchasable","41":"product-type-variable"},"_links":{"self":[{"href":"https:\/\/lacasadelfeltre.es\/index.php\/wp-json\/wp\/v2\/product\/1708","targetHints":{"allow":["GET"]}}],"collection":[{"href":"https:\/\/lacasadelfeltre.es\/index.php\/wp-json\/wp\/v2\/product"}],"about":[{"href":"https:\/\/lacasadelfeltre.es\/index.php\/wp-json\/wp\/v2\/types\/product"}],"wp:featuredmedia":[{"embeddable":true,"href":"https:\/\/lacasadelfeltre.es\/index.php\/wp-json\/wp\/v2\/media\/1776"}],"wp:attachment":[{"href":"https:\/\/lacasadelfeltre.es\/index.php\/wp-json\/wp\/v2\/media?parent=1708"}],"wp:term":[{"taxonomy":"brand","embeddable":true,"href":"https:\/\/lacasadelfeltre.es\/index.php\/wp-json\/wp\/v2\/etheme_brands?post=1708"},{"taxonomy":"product_brand","embeddable":true,"href":"https:\/\/lacasadelfeltre.es\/index.php\/wp-json\/wp\/v2\/product_brand?post=1708"},{"taxonomy":"product_cat","embeddable":true,"href":"https:\/\/lacasadelfeltre.es\/index.php\/wp-json\/wp\/v2\/product_cat?post=1708"},{"taxonomy":"product_tag","embeddable":true,"href":"https:\/\/lacasadelfeltre.es\/index.php\/wp-json\/wp\/v2\/product_tag?post=1708"}],"curies":[{"name":"wp","href":"https:\/\/api.w.org\/{rel}","templated":true}]}}