{"id":1560,"date":"2020-09-26T08:21:20","date_gmt":"2020-09-26T08:21:20","guid":{"rendered":"http:\/\/lacasadelfeltre.es\/?page_id=1560"},"modified":"2020-09-26T19:26:23","modified_gmt":"2020-09-26T19:26:23","slug":"aviso-legal","status":"publish","type":"page","link":"https:\/\/lacasadelfeltre.es\/index.php\/aviso-legal\/","title":{"rendered":"Aviso legal"},"content":{"rendered":"\t\t<div data-elementor-type=\"wp-page\" data-elementor-id=\"1560\" class=\"elementor elementor-1560\">\n\t\t\t\t\t\t<section class=\"elementor-section elementor-top-section elementor-element elementor-element-34bd2410 elementor-section-boxed elementor-section-height-default elementor-section-height-default\" data-id=\"34bd2410\" data-element_type=\"section\">\n\t\t\t\t\t\t<div class=\"elementor-container elementor-column-gap-default\">\n\t\t\t\t\t<div class=\"elementor-column elementor-col-100 elementor-top-column elementor-element elementor-element-73ce0a31\" data-id=\"73ce0a31\" data-element_type=\"column\">\n\t\t\t<div class=\"elementor-widget-wrap elementor-element-populated\">\n\t\t\t\t\t\t<div class=\"elementor-element elementor-element-62112c13 elementor-widget elementor-widget-text-editor\" data-id=\"62112c13\" data-element_type=\"widget\" data-widget_type=\"text-editor.default\">\n\t\t\t\t<div class=\"elementor-widget-container\">\n\t\t\t\t\t\t\t\t\t<h1><strong>Aviso legal<\/strong><\/h1>\n<div>\u00a0<\/div>\n<div>\n<div>1. El titular de este sitio web es ANTONI GARZ\u00d3N BASTE, con N.I.F. 36933218W, con domicilio en carrer Canvis Vells, 8 (tienda), c\u00f3digo postal 08003 de Barcelona (Barcelona).<\/div>\n<div>\u00a0<\/div>\n<div>2. El acceso al Site de ANTONI GARZ\u00d3N BASTE es gratuito. Todo el contenido es propiedad intelectual de ANTONI GARZ\u00d3N BASTE. Cualquier utilizaci\u00f3n de los mismos contraria a las normas en materia de propiedad intelectual ser\u00e1 perseguida con arreglo a la legislaci\u00f3n vigente.<\/div>\n<\/div>\t\t\t\t\t\t\t\t<\/div>\n\t\t\t\t<\/div>\n\t\t\t\t\t<\/div>\n\t\t<\/div>\n\t\t\t\t\t<\/div>\n\t\t<\/section>\n\t\t\t\t<\/div>\n\t\t","protected":false},"excerpt":{"rendered":"<p>Aviso legal 1. El titular de este sitio web es ANTONI GARZ\u00d3N BASTE, con N.I.F. 36933218W, con domicilio en carrer Canvis Vells, 8 (tienda), c\u00f3digo postal 08003 de Barcelona (Barcelona). 2. El acceso al Site de ANTONI GARZ\u00d3N&#8230;<\/p>\n","protected":false},"author":1,"featured_media":0,"parent":0,"menu_order":0,"comment_status":"closed","ping_status":"closed","template":"","meta":{"footnotes":""},"class_list":["post-1560","page","type-page","status-publish","hentry"],"_links":{"self":[{"href":"https:\/\/lacasadelfeltre.es\/index.php\/wp-json\/wp\/v2\/pages\/1560","targetHints":{"allow":["GET"]}}],"collection":[{"href":"https:\/\/lacasadelfeltre.es\/index.php\/wp-json\/wp\/v2\/pages"}],"about":[{"href":"https:\/\/lacasadelfeltre.es\/index.php\/wp-json\/wp\/v2\/types\/page"}],"author":[{"embeddable":true,"href":"https:\/\/lacasadelfeltre.es\/index.php\/wp-json\/wp\/v2\/users\/1"}],"replies":[{"embeddable":true,"href":"https:\/\/lacasadelfeltre.es\/index.php\/wp-json\/wp\/v2\/comments?post=1560"}],"version-history":[{"count":0,"href":"https:\/\/lacasadelfeltre.es\/index.php\/wp-json\/wp\/v2\/pages\/1560\/revisions"}],"wp:attachment":[{"href":"https:\/\/lacasadelfeltre.es\/index.php\/wp-json\/wp\/v2\/media?parent=1560"}],"curies":[{"name":"wp","href":"https:\/\/api.w.org\/{rel}","templated":true}]}}